{"id":2963,"date":"2025-11-13T18:18:03","date_gmt":"2025-11-13T17:18:03","guid":{"rendered":"https:\/\/rco.sawatzkimuehlenbruch-preview.de\/?page_id=2963"},"modified":"2025-12-15T17:50:31","modified_gmt":"2025-12-15T16:50:31","slug":"impressum","status":"publish","type":"page","link":"https:\/\/rco.sawatzkimuehlenbruch-preview.de\/fr\/impressum\/","title":{"rendered":"Mentions l\u00e9gales"},"content":{"rendered":"<div data-elementor-type=\"wp-page\" data-elementor-id=\"2963\" class=\"elementor elementor-2963\" data-elementor-post-type=\"page\">\n\t\t\t\t<div class=\"elementor-element elementor-element-492d30cd e-flex e-con-boxed e-con e-parent\" data-id=\"492d30cd\" data-element_type=\"container\">\n\t\t\t\t\t<div class=\"e-con-inner\">\n\t\t\t\t<div class=\"elementor-element elementor-element-345b692f elementor-widget elementor-widget-text-editor\" data-id=\"345b692f\" data-element_type=\"widget\" data-widget_type=\"text-editor.default\">\n\t\t\t\t<div class=\"elementor-widget-container\">\n\t\t\t\t\t\t\t\t\t<h2>Mentions l\u00e9gales<\/h2><p><strong>Herausgeber<br \/><\/strong>SQO Stadt Quartier Offenburg GmbH &amp; Co. KG<br \/>Hanauer Landstra\u00dfe 211b \u2219 60314 Frankfurt am Main<br \/>Telefon:\u00a0<a href=\"tel:+49 69 91732-01\">+49 69 91732-01<\/a><\/p><p><strong>Gesch\u00e4ftsf\u00fchrung<br \/><\/strong>Dr. Bernd Schade, Vorsitzender<\/p><p><strong>Inhaltlich verantwortlich<br \/><\/strong>gem\u00e4\u00df \u00a7 6 MDStV: Dr. Bernd Schade<\/p><p>Handelsregister: HRA 47367<br \/>Amtsgericht: Frankfurt am Main<br \/>Sitz der Gesellschaft: Frankfurt am Main<br \/>Steuernummer: 013 370 62077<\/p><p>Konzeption, Gestaltung und technische Umsetzung:<br \/>SawatzkiM\u00fchlenbruch GmbH<br \/><a href=\"http:\/\/www.sawatzki-muehlenbruch.de\">www.sawatzki-muehlenbruch.de<\/a><\/p><p><strong>Haftungsausschluss<br \/><\/strong>Hinsichtlich des Internetauftritts www.ree-carre.de \u00fcbernimmt die SQO Stadt Quartier Offenburg GmbH &amp; Co. KG keine Gew\u00e4hr f\u00fcr die Vollst\u00e4ndigkeit und Richtigkeit der eingestellten Informationen.<\/p><p>SQO Stadt Quartier Offenburg GmbH &amp; Co. KG ist als Inhaltsanbieter f\u00fcr ihre eigenen Inhalte nach den allgemeinen Gesetzen verantwortlich. Daneben h\u00e4lt sie Inhalte aufgrund von Querweisen (Links) zur Nutzung bereit. Die SQO Stadt Quartier Offenburg GmbH &amp; Co. KG ist nicht verantwortlich f\u00fcr Inhalte fremder Seiten, auf die von diesen Webseiten aus direkt oder indirekt verwiesen wird. Sie hat bei der erstmaligen Verkn\u00fcpfung den fremden Inhalt daraufhin \u00fcberpr\u00fcft, ob durch ihn eine m\u00f6gliche zivilrechtliche oder strafrechtliche Verantwortlichkeit ausgel\u00f6st wird. Sie ist aber gesetzlich nicht dazu verpflichtet, die fremden Inhalte st\u00e4ndig auf Ver\u00e4nderungen zu \u00fcberpr\u00fcfen, die eine Verantwortlichkeit neu begr\u00fcnden k\u00f6nnen. Erst wenn sie feststellt oder von anderen darauf hingewiesen wird, dass ein fremder Inhalt eine rechtliche Verantwortlichkeit ausl\u00f6st, wird sie den entsprechenden Querverweis (Link) aufheben, soweit ihr dies technisch m\u00f6glich und zumutbar ist.<\/p><p><strong>Urheberrechtshinweis<br \/><\/strong>Die Internetseiten der SQO Stadt Quartier Offenburg GmbH &amp; Co. KG stehen allen interessierten Personen und Organisationen zur Information und Nutzung zur Verf\u00fcgung. Der urheberrechtliche Schutz dieser Internetseiten bedingt, dass gewerbliche Nutzung, Ver\u00e4nderung und Verbreitung unter anderem Namen der vorherigen schriftlichen Zustimmung der SQO Stadt Quartier Offenburg GmbH &amp; Co. KG bed\u00fcrfen.<\/p><p>\u00a9 2024 SQO Stadt Quartier Offenburg GmbH &amp; Co. KG<\/p>\t\t\t\t\t\t\t\t<\/div>\n\t\t\t\t<\/div>\n\t\t\t\t\t<\/div>\n\t\t\t\t<\/div>\n\t\t\t\t<\/div>","protected":false},"excerpt":{"rendered":"<p>Impressum HerausgeberSQO Stadt Quartier Offenburg GmbH &amp; Co. KGHanauer Landstra\u00dfe 211b \u2219 60314 Frankfurt am MainTelefon:\u00a0+49 69 91732-01 Gesch\u00e4ftsf\u00fchrungDr. Bernd Schade, Vorsitzender Inhaltlich verantwortlichgem\u00e4\u00df \u00a7 6 MDStV: Dr. Bernd Schade Handelsregister: HRA 47367Amtsgericht: Frankfurt am MainSitz der Gesellschaft: Frankfurt am MainSteuernummer: 013 370 62077 Konzeption, Gestaltung und technische Umsetzung:SawatzkiM\u00fchlenbruch GmbHwww.sawatzki-muehlenbruch.de HaftungsausschlussHinsichtlich des Internetauftritts www.ree-carre.de \u00fcbernimmt [&hellip;]<\/p>","protected":false},"author":1,"featured_media":0,"parent":0,"menu_order":0,"comment_status":"closed","ping_status":"closed","template":"","meta":{"_acf_changed":false,"footnotes":""},"class_list":["post-2963","page","type-page","status-publish","hentry"],"acf":[],"_links":{"self":[{"href":"https:\/\/rco.sawatzkimuehlenbruch-preview.de\/fr\/wp-json\/wp\/v2\/pages\/2963","targetHints":{"allow":["GET"]}}],"collection":[{"href":"https:\/\/rco.sawatzkimuehlenbruch-preview.de\/fr\/wp-json\/wp\/v2\/pages"}],"about":[{"href":"https:\/\/rco.sawatzkimuehlenbruch-preview.de\/fr\/wp-json\/wp\/v2\/types\/page"}],"author":[{"embeddable":true,"href":"https:\/\/rco.sawatzkimuehlenbruch-preview.de\/fr\/wp-json\/wp\/v2\/users\/1"}],"replies":[{"embeddable":true,"href":"https:\/\/rco.sawatzkimuehlenbruch-preview.de\/fr\/wp-json\/wp\/v2\/comments?post=2963"}],"version-history":[{"count":8,"href":"https:\/\/rco.sawatzkimuehlenbruch-preview.de\/fr\/wp-json\/wp\/v2\/pages\/2963\/revisions"}],"predecessor-version":[{"id":3823,"href":"https:\/\/rco.sawatzkimuehlenbruch-preview.de\/fr\/wp-json\/wp\/v2\/pages\/2963\/revisions\/3823"}],"wp:attachment":[{"href":"https:\/\/rco.sawatzkimuehlenbruch-preview.de\/fr\/wp-json\/wp\/v2\/media?parent=2963"}],"curies":[{"name":"wp","href":"https:\/\/api.w.org\/{rel}","templated":true}]}}