{"id":2925,"date":"2025-11-13T17:29:57","date_gmt":"2025-11-13T16:29:57","guid":{"rendered":"https:\/\/rco.sawatzkimuehlenbruch-preview.de\/?page_id=2925"},"modified":"2025-12-25T15:08:21","modified_gmt":"2025-12-25T14:08:21","slug":"bueros-praxen","status":"publish","type":"page","link":"https:\/\/rco.sawatzkimuehlenbruch-preview.de\/fr\/bueros-praxen\/","title":{"rendered":"B\u00fcros &#038; Praxen"},"content":{"rendered":"<div data-elementor-type=\"wp-page\" data-elementor-id=\"2925\" class=\"elementor elementor-2925\" data-elementor-post-type=\"page\">\n\t\t\t\t<div class=\"elementor-element elementor-element-9147711 e-con-full e-flex e-con e-parent\" data-id=\"9147711\" data-element_type=\"container\">\n\t\t\t\t<div class=\"elementor-element elementor-element-a6dd564 elementor-widget elementor-widget-smg-hero-new\" data-id=\"a6dd564\" data-element_type=\"widget\" data-widget_type=\"smg-hero-new.default\">\n\t\t\t\t<div class=\"elementor-widget-container\">\n\t\t\t\t\t            <section class=\"smg-hero-new suma-widget-bg-default suma-animation-normal\"\n                     data-default-slide-duration=\"5000\">\n                        <div class=\"smg-widget-container hero-container\">\n            \n                        \n            <div class=\"hero-content-grid\">\n                <div class=\"hero-text-section\">\n                                            <div class=\"hero-slide-content active\"\n                             data-slide=\"0\"\n                             >\n                                                <div class=\"hero-subtitle\">Alles unter einem Dach <\/div>\n        \n                    <h1 class=\"hero-title\">Ein Ort f\u00fcr <span class=\"highlight\"> morgen<\/span><\/h1>\n        \n                    <p class=\"hero-description\">Das R\u00e9e Carr\u00e9 Offenburg ist ein modernes Stadtquartier, das Einkaufen mit vielf\u00e4ltigen Service- und Lifestyleangeboten verbindet. Neben ausgew\u00e4hlten Shops finden Besucherinnen und Besucher hier Angebote rund um Fitness, Beauty, Beratung und Einrichtung \u2013 zentral gelegen und gut erreichbar. Das R\u00e9e Carr\u00e9 versteht sich als Anlaufpunkt f\u00fcr den Alltag: f\u00fcr aktive Menschen, f\u00fcr pers\u00f6nliche Beratung und f\u00fcr inspirierende L\u00f6sungen rund um Wohnen, Wohlbefinden und Lebensstil. Mit seinem vielseitigen Nutzungsmix erg\u00e4nzt das Center das Stadtleben Offenbachs und bietet Raum f\u00fcr Service, Qualit\u00e4t und Komfort an einem Ort.<\/p>\n                \n                    <div class=\"hero-buttons\">\n                                    <a href=\"#Mehr%20News%20\"\n                       class=\"smg-btn smg-btn-primary hero-btn\"\n                       >\n                        Mehr entdecken                         <svg class=\"btn-arrow\" width=\"16\" height=\"16\" viewbox=\"0 0 24 24\" fill=\"none\" stroke=\"currentColor\">\n                            <path d=\"M7 17L17 7\"\/>\n                            <path d=\"M7 7H17V17\"\/>\n                        <\/svg>\n                    <\/a>\n                \n                            <\/div>\n                                        <\/div>\n                                    <\/div>\n                \n                <div class=\"hero-image-section\">\n                                                                    <div class=\"hero-slide-image active\"\n                             data-slide=\"0\"\n                             style=\"background-image: url('https:\/\/rco.sawatzkimuehlenbruch-preview.de\/wp-content\/uploads\/2025\/12\/ree-carre-offenburg-von-oben-copyright-martin-bildstein.jpg');\">\n                            <div class=\"hero-highlight-overlay\">        <div class=\"hero-stats-overlay\">\n                            <div class=\"hero-stat-card\">\n                    <div class=\"stat-number\"><\/div>\n                    <div class=\"stat-label\">Gesundheit<\/div>\n                <\/div>\n                            <div class=\"hero-stat-card\">\n                    <div class=\"stat-number\"><\/div>\n                    <div class=\"stat-label\">Beratung<\/div>\n                <\/div>\n                            <div class=\"hero-stat-card\">\n                    <div class=\"stat-number\"><\/div>\n                    <div class=\"stat-label\">Lifestyle<\/div>\n                <\/div>\n                    <\/div>\n        <\/div>                        <\/div>\n                                    <\/div>\n            <\/div>\n        <\/div>\n                    <\/section>\n            \t\t\t\t<\/div>\n\t\t\t\t<\/div>\n\t\t\t\t<div class=\"elementor-element elementor-element-7be20c8 elementor-widget elementor-widget-smg-office-directory\" data-id=\"7be20c8\" data-element_type=\"widget\" data-widget_type=\"smg-office-directory.default\">\n\t\t\t\t<div class=\"elementor-widget-container\">\n\t\t\t\t\t        <div class=\"smg-widget smg-office-directory suma-widget-bg-default suma-animation-normal\" id=\"office-directory-7be20c8\">\n            <div class=\"smg-widget-container\">\n\n                <!-- Header (using SMG_Widget_Header_Trait) -->\n                \n                <!-- Controls -->\n                                <div class=\"office-controls\">\n                    <div class=\"office-controls-row\">\n                        \n                        <!-- Search -->\n                                                <div class=\"office-search-container\">\n                            <input type=\"text\" \n                                   id=\"office-search-7be20c8\" \n                                   class=\"office-search-input\" \n                                   placeholder=\"B\u00fcro oder Praxis suchen...\">\n                            <svg class=\"search-icon\" width=\"18\" height=\"18\" viewbox=\"0 0 24 24\" fill=\"none\" stroke=\"currentColor\" stroke-width=\"2\">\n                                <circle cx=\"11\" cy=\"11\" r=\"8\"\/>\n                                <path d=\"m21 21-4.35-4.35\"\/>\n                            <\/svg>\n                        <\/div>\n                        \n                        <!-- Type Filter -->\n                                                <div class=\"office-filter-container\">\n                            <select class=\"office-type-filter\" id=\"type-filter-7be20c8\">\n                                <option value=\"all\">Alle Typen<\/option>\n                                <option value=\"medical\">Arztpraxis<\/option>\n                                <option value=\"dental\">Zahnarztpraxis<\/option>\n                                <option value=\"legal\">Rechtsanwalt<\/option>\n                                <option value=\"tax\">Steuerberater<\/option>\n                                <option value=\"financial\">Finanzberatung<\/option>\n                                <option value=\"insurance\">Versicherung<\/option>\n                                <option value=\"real_estate\">Immobilienb\u00fcro<\/option>\n                                <option value=\"consulting\">Beratung<\/option>\n                                <option value=\"therapy\">Therapie<\/option>\n                                <option value=\"other\">Sonstiges<\/option>\n                            <\/select>\n                        <\/div>\n                        \n                        <!-- Floor Filter -->\n                                                <div class=\"office-filter-container\">\n                            <select class=\"office-floor-filter\" id=\"floor-filter-7be20c8\">\n                                <option value=\"all\">Alle Etagen<\/option>\n                                <option value=\"ug\">UG<\/option>\n                                <option value=\"eg\">CE<\/option>\n                                <option value=\"1og\">1ER \u00c9TAGE<\/option>\n                                <option value=\"2og\">2. OG<\/option>\n                                <option value=\"3og\">3. OG<\/option>\n                                <option value=\"4og\">4. OG<\/option>\n                                <option value=\"5og\">5. OG<\/option>\n                            <\/select>\n                        <\/div>\n                        \n                    <\/div>\n                <\/div>\n                \n                <!-- Results Count -->\n                <div class=\"office-results-info\">\n                    <span class=\"results-count\">3 Eintr\u00e4ge gefunden<\/span>\n                <\/div>\n\n                <!-- Office Grid -->\n                <div class=\"office-grid\" \n                     style=\"--columns-desktop: 3;                             --columns-tablet: 2;                             --columns-mobile: 1;\">\n                    \n                                            <div class=\"office-card\" \n                             data-office-type=\"233\" \n                             data-office-floor=\"eg\"\n                             data-office-name=\"fitness-loft\">\n                            \n                            <!-- Logo -->\n                                                        <div class=\"office-logo\">\n                                <img decoding=\"async\" src=\"https:\/\/rco.sawatzkimuehlenbruch-preview.de\/wp-content\/uploads\/2025\/12\/fitness-loft-offenburg-logo-ree-carre-offenburg-300x88.png\" \n                                     alt=\"Loft de fitness\">\n                            <\/div>\n                            \n                            <!-- Content -->\n                            <div class=\"office-content\">\n                                <h3 class=\"office-title\">\n                                    <a href=\"https:\/\/rco.sawatzkimuehlenbruch-preview.de\/fr\/office\/fitness-loft\/\">Loft de fitness<\/a>\n                                <\/h3>\n\n                                                                <div class=\"office-specialization\">Salle de sport<\/div>\n                                \n                                \n                                \n                                <!-- Meta Info -->\n                                <div class=\"office-meta\">\n                                                                        <div class=\"office-floor\">\n                                        <svg width=\"16\" height=\"16\" viewbox=\"0 0 24 24\" fill=\"none\" stroke=\"currentColor\" stroke-width=\"2\">\n                                            <path d=\"M3 9l9-7 9 7v11a2 2 0 0 1-2 2H5a2 2 0 0 1-2-2z\"\/>\n                                        <\/svg>\n                                        EG (Erdgeschoss)                                    <\/div>\n                                    \n                                                                        <div class=\"office-phone\">\n                                        <svg width=\"16\" height=\"16\" viewbox=\"0 0 24 24\" fill=\"none\" stroke=\"currentColor\" stroke-width=\"2\">\n                                            <path d=\"M22 16.92v3a2 2 0 0 1-2.18 2 19.79 19.79 0 0 1-8.63-3.07 19.5 19.5 0 0 1-6-6 19.79 19.79 0 0 1-3.07-8.67A2 2 0 0 1 4.11 2h3a2 2 0 0 1 2 1.72 12.84 12.84 0 0 0 .7 2.81 2 2 0 0 1-.45 2.11L8.09 9.91a16 16 0 0 0 6 6l1.27-1.27a2 2 0 0 1 2.11-.45 12.84 12.84 0 0 0 2.81.7A2 2 0 0 1 22 16.92z\"\/>\n                                        <\/svg>\n                                        <a href=\"tel:781 9667910\">781 9667910<\/a>\n                                    <\/div>\n                                    \n                                                                        <div class=\"office-email\">\n                                        <svg width=\"16\" height=\"16\" viewbox=\"0 0 24 24\" fill=\"none\" stroke=\"currentColor\" stroke-width=\"2\">\n                                            <path d=\"M4 4h16c1.1 0 2 .9 2 2v12c0 1.1-.9 2-2 2H4c-1.1 0-2-.9-2-2V6c0-1.1.9-2 2-2z\"\/>\n                                            <polyline points=\"22,6 12,13 2,6\"\/>\n                                        <\/svg>\n                                        <a href=\"mailto:fitnessloft@rueckgrat-gruppe.de\">fitnessloft@rueckgrat-gruppe.de<\/a>\n                                    <\/div>\n                                    \n                                                                    <\/div>\n\n                                <a href=\"https:\/\/rco.sawatzkimuehlenbruch-preview.de\/fr\/office\/fitness-loft\/\" class=\"office-link-btn\">En savoir plus<\/a>\n                            <\/div>\n                        <\/div>\n                                                <div class=\"office-card\" \n                             data-office-type=\"242\" \n                             data-office-floor=\"eg\"\n                             data-office-name=\"klier\">\n                            \n                            <!-- Logo -->\n                                                        <div class=\"office-logo\">\n                                <img decoding=\"async\" src=\"https:\/\/rco.sawatzkimuehlenbruch-preview.de\/wp-content\/uploads\/2025\/12\/klier-logo-ree-carre-offenburg-300x67.png\" \n                                     alt=\"Klier\">\n                            <\/div>\n                            \n                            <!-- Content -->\n                            <div class=\"office-content\">\n                                <h3 class=\"office-title\">\n                                    <a href=\"https:\/\/rco.sawatzkimuehlenbruch-preview.de\/fr\/office\/klier\/\">Klier<\/a>\n                                <\/h3>\n\n                                                                <div class=\"office-specialization\">Coiffeur<\/div>\n                                \n                                \n                                \n                                <!-- Meta Info -->\n                                <div class=\"office-meta\">\n                                                                        <div class=\"office-floor\">\n                                        <svg width=\"16\" height=\"16\" viewbox=\"0 0 24 24\" fill=\"none\" stroke=\"currentColor\" stroke-width=\"2\">\n                                            <path d=\"M3 9l9-7 9 7v11a2 2 0 0 1-2 2H5a2 2 0 0 1-2-2z\"\/>\n                                        <\/svg>\n                                        EG (Erdgeschoss)                                    <\/div>\n                                    \n                                                                        <div class=\"office-phone\">\n                                        <svg width=\"16\" height=\"16\" viewbox=\"0 0 24 24\" fill=\"none\" stroke=\"currentColor\" stroke-width=\"2\">\n                                            <path d=\"M22 16.92v3a2 2 0 0 1-2.18 2 19.79 19.79 0 0 1-8.63-3.07 19.5 19.5 0 0 1-6-6 19.79 19.79 0 0 1-3.07-8.67A2 2 0 0 1 4.11 2h3a2 2 0 0 1 2 1.72 12.84 12.84 0 0 0 .7 2.81 2 2 0 0 1-.45 2.11L8.09 9.91a16 16 0 0 0 6 6l1.27-1.27a2 2 0 0 1 2.11-.45 12.84 12.84 0 0 0 2.81.7A2 2 0 0 1 22 16.92z\"\/>\n                                        <\/svg>\n                                        <a href=\"tel:781 97060370\">781 97060370<\/a>\n                                    <\/div>\n                                    \n                                                                        <div class=\"office-email\">\n                                        <svg width=\"16\" height=\"16\" viewbox=\"0 0 24 24\" fill=\"none\" stroke=\"currentColor\" stroke-width=\"2\">\n                                            <path d=\"M4 4h16c1.1 0 2 .9 2 2v12c0 1.1-.9 2-2 2H4c-1.1 0-2-.9-2-2V6c0-1.1.9-2 2-2z\"\/>\n                                            <polyline points=\"22,6 12,13 2,6\"\/>\n                                        <\/svg>\n                                        <a href=\"mailto:kundenservice@klierhairgroup.de\">kundenservice@klierhairgroup.de<\/a>\n                                    <\/div>\n                                    \n                                                                    <\/div>\n\n                                <a href=\"https:\/\/rco.sawatzkimuehlenbruch-preview.de\/fr\/office\/klier\/\" class=\"office-link-btn\">En savoir plus<\/a>\n                            <\/div>\n                        <\/div>\n                                                <div class=\"office-card\" \n                             data-office-type=\"252\" \n                             data-office-floor=\"eg\"\n                             data-office-name=\"moki\">\n                            \n                            <!-- Logo -->\n                                                        <div class=\"office-logo\">\n                                <img decoding=\"async\" src=\"https:\/\/rco.sawatzkimuehlenbruch-preview.de\/wp-content\/uploads\/2025\/12\/kozi-love-my-kitchen-logo-ree-carre-offenburg-300x180.png\" \n                                     alt=\"Moki\">\n                            <\/div>\n                            \n                            <!-- Content -->\n                            <div class=\"office-content\">\n                                <h3 class=\"office-title\">\n                                    <a href=\"https:\/\/rco.sawatzkimuehlenbruch-preview.de\/fr\/office\/moki\/\">Moki<\/a>\n                                <\/h3>\n\n                                                                <div class=\"office-specialization\">K\u00fcchendesign<\/div>\n                                \n                                \n                                \n                                <!-- Meta Info -->\n                                <div class=\"office-meta\">\n                                                                        <div class=\"office-floor\">\n                                        <svg width=\"16\" height=\"16\" viewbox=\"0 0 24 24\" fill=\"none\" stroke=\"currentColor\" stroke-width=\"2\">\n                                            <path d=\"M3 9l9-7 9 7v11a2 2 0 0 1-2 2H5a2 2 0 0 1-2-2z\"\/>\n                                        <\/svg>\n                                        EG (Erdgeschoss)                                    <\/div>\n                                    \n                                                                        <div class=\"office-phone\">\n                                        <svg width=\"16\" height=\"16\" viewbox=\"0 0 24 24\" fill=\"none\" stroke=\"currentColor\" stroke-width=\"2\">\n                                            <path d=\"M22 16.92v3a2 2 0 0 1-2.18 2 19.79 19.79 0 0 1-8.63-3.07 19.5 19.5 0 0 1-6-6 19.79 19.79 0 0 1-3.07-8.67A2 2 0 0 1 4.11 2h3a2 2 0 0 1 2 1.72 12.84 12.84 0 0 0 .7 2.81 2 2 0 0 1-.45 2.11L8.09 9.91a16 16 0 0 0 6 6l1.27-1.27a2 2 0 0 1 2.11-.45 12.84 12.84 0 0 0 2.81.7A2 2 0 0 1 22 16.92z\"\/>\n                                        <\/svg>\n                                        <a href=\"tel:781 9691990\">781 9691990<\/a>\n                                    <\/div>\n                                    \n                                                                        <div class=\"office-email\">\n                                        <svg width=\"16\" height=\"16\" viewbox=\"0 0 24 24\" fill=\"none\" stroke=\"currentColor\" stroke-width=\"2\">\n                                            <path d=\"M4 4h16c1.1 0 2 .9 2 2v12c0 1.1-.9 2-2 2H4c-1.1 0-2-.9-2-2V6c0-1.1.9-2 2-2z\"\/>\n                                            <polyline points=\"22,6 12,13 2,6\"\/>\n                                        <\/svg>\n                                        <a href=\"mailto:kitchen@moki.de\">kitchen@moki.de<\/a>\n                                    <\/div>\n                                    \n                                                                    <\/div>\n\n                                <a href=\"https:\/\/rco.sawatzkimuehlenbruch-preview.de\/fr\/office\/moki\/\" class=\"office-link-btn\">En savoir plus<\/a>\n                            <\/div>\n                        <\/div>\n                                        <\/div>\n\n                <!-- No Results Message -->\n                <div class=\"no-results-message\" style=\"display: none;\">\n                    <p>Keine Eintr\u00e4ge gefunden. Bitte passen Sie Ihre Suchkriterien an.<\/p>\n                <\/div>\n\n            <\/div>\n        <\/div>\n\n        <script>\n        document.addEventListener('DOMContentLoaded', function() {\n            const widgetId = '7be20c8';\n            const searchInput = document.getElementById('office-search-' + widgetId);\n            const typeFilter = document.getElementById('type-filter-' + widgetId);\n            const floorFilter = document.getElementById('floor-filter-' + widgetId);\n            const officeCards = document.querySelectorAll('#office-directory-' + widgetId + ' .office-card');\n            const resultsCount = document.querySelector('#office-directory-' + widgetId + ' .results-count');\n            const noResults = document.querySelector('#office-directory-' + widgetId + ' .no-results-message');\n\n            function filterOffices() {\n                const searchTerm = searchInput ? searchInput.value.toLowerCase() : '';\n                const selectedType = typeFilter ? typeFilter.value : 'all';\n                const selectedFloor = floorFilter ? floorFilter.value : 'all';\n                \n                let visibleCount = 0;\n\n                officeCards.forEach(card => {\n                    const name = card.dataset.officeName || '';\n                    const type = card.dataset.officeType || '';\n                    const floor = card.dataset.officeFloor || '';\n                    \n                    const matchesSearch = name.includes(searchTerm);\n                    const matchesType = selectedType === 'all' || type === selectedType;\n                    const matchesFloor = selectedFloor === 'all' || floor === selectedFloor;\n                    \n                    if (matchesSearch && matchesType && matchesFloor) {\n                        card.style.display = '';\n                        visibleCount++;\n                    } else {\n                        card.style.display = 'none';\n                    }\n                });\n\n                if (resultsCount) {\n                    resultsCount.textContent = visibleCount + ' Eintr\u00e4ge gefunden';\n                }\n\n                if (noResults) {\n                    noResults.style.display = visibleCount === 0 ? 'block' : 'none';\n                }\n            }\n\n            if (searchInput) {\n                searchInput.addEventListener('input', filterOffices);\n            }\n            if (typeFilter) {\n                typeFilter.addEventListener('change', filterOffices);\n            }\n            if (floorFilter) {\n                floorFilter.addEventListener('change', filterOffices);\n            }\n        });\n        <\/script>\n\n        \t\t\t\t<\/div>\n\t\t\t\t<\/div>\n\t\t\t\t<\/div>\n\t\t\t\t<\/div>","protected":false},"excerpt":{"rendered":"<p>Alles unter einem Dach Ein Ort f\u00fcr morgen Das R\u00e9e Carr\u00e9 Offenburg ist ein modernes Stadtquartier, das Einkaufen mit vielf\u00e4ltigen Service- und Lifestyleangeboten verbindet. Neben ausgew\u00e4hlten Shops finden Besucherinnen und Besucher hier Angebote rund um Fitness, Beauty, Beratung und Einrichtung \u2013 zentral gelegen und gut erreichbar. Das R\u00e9e Carr\u00e9 versteht sich als Anlaufpunkt f\u00fcr den [&hellip;]<\/p>","protected":false},"author":1,"featured_media":0,"parent":0,"menu_order":0,"comment_status":"closed","ping_status":"closed","template":"","meta":{"_acf_changed":false,"footnotes":""},"class_list":["post-2925","page","type-page","status-publish","hentry"],"acf":[],"_links":{"self":[{"href":"https:\/\/rco.sawatzkimuehlenbruch-preview.de\/fr\/wp-json\/wp\/v2\/pages\/2925","targetHints":{"allow":["GET"]}}],"collection":[{"href":"https:\/\/rco.sawatzkimuehlenbruch-preview.de\/fr\/wp-json\/wp\/v2\/pages"}],"about":[{"href":"https:\/\/rco.sawatzkimuehlenbruch-preview.de\/fr\/wp-json\/wp\/v2\/types\/page"}],"author":[{"embeddable":true,"href":"https:\/\/rco.sawatzkimuehlenbruch-preview.de\/fr\/wp-json\/wp\/v2\/users\/1"}],"replies":[{"embeddable":true,"href":"https:\/\/rco.sawatzkimuehlenbruch-preview.de\/fr\/wp-json\/wp\/v2\/comments?post=2925"}],"version-history":[{"count":73,"href":"https:\/\/rco.sawatzkimuehlenbruch-preview.de\/fr\/wp-json\/wp\/v2\/pages\/2925\/revisions"}],"predecessor-version":[{"id":3905,"href":"https:\/\/rco.sawatzkimuehlenbruch-preview.de\/fr\/wp-json\/wp\/v2\/pages\/2925\/revisions\/3905"}],"wp:attachment":[{"href":"https:\/\/rco.sawatzkimuehlenbruch-preview.de\/fr\/wp-json\/wp\/v2\/media?parent=2925"}],"curies":[{"name":"wp","href":"https:\/\/api.w.org\/{rel}","templated":true}]}}