{"id":2883,"date":"2025-11-13T16:25:00","date_gmt":"2025-11-13T15:25:00","guid":{"rendered":"https:\/\/rco.sawatzkimuehlenbruch-preview.de\/?page_id=2883"},"modified":"2025-12-15T15:51:54","modified_gmt":"2025-12-15T14:51:54","slug":"presse","status":"publish","type":"page","link":"https:\/\/rco.sawatzkimuehlenbruch-preview.de\/fr\/presse\/","title":{"rendered":"Presse"},"content":{"rendered":"<div data-elementor-type=\"wp-page\" data-elementor-id=\"2883\" class=\"elementor elementor-2883\" data-elementor-post-type=\"page\">\n\t\t\t\t<div class=\"elementor-element elementor-element-417b46f e-flex e-con-boxed e-con e-parent\" data-id=\"417b46f\" data-element_type=\"container\">\n\t\t\t\t\t<div class=\"e-con-inner\">\n\t\t\t\t<div class=\"elementor-element elementor-element-f5c8e96 elementor-widget elementor-widget-smg-press\" data-id=\"f5c8e96\" data-element_type=\"widget\" data-widget_type=\"smg-press.default\">\n\t\t\t\t<div class=\"elementor-widget-container\">\n\t\t\t\t\t\n        <div class=\"smg-widget smg-press-widget suma-widget-bg-default suma-animation-normal\" id=\"smg-press-f5c8e96\" data-layout=\"grid\">\n\n                        <div class=\"smg-widget-header variant-gradient in-viewport\">\n                <div class=\"header-content\">\n                                            <h2 class=\"smg-widget-title\">Presse<\/h2>\n                    \n                                            <p class=\"smg-widget-subtitle\">Aktuelle Presseberichte \u00fcber unser Center<\/p>\n                                    <\/div>\n            <\/div>\n            \n                        <div class=\"smg-press-layout-toggle\">\n                <button class=\"layout-toggle-btn active\" data-layout=\"grid\">\n                    <svg fill=\"none\" stroke=\"currentColor\" viewbox=\"0 0 24 24\" width=\"20\" height=\"20\">\n                        <rect x=\"3\" y=\"3\" width=\"7\" height=\"7\"\/><rect x=\"14\" y=\"3\" width=\"7\" height=\"7\"\/>\n                        <rect x=\"3\" y=\"14\" width=\"7\" height=\"7\"\/><rect x=\"14\" y=\"14\" width=\"7\" height=\"7\"\/>\n                    <\/svg>\n                    Grid\n                <\/button>\n                <button class=\"layout-toggle-btn\" data-layout=\"list\">\n                    <svg fill=\"none\" stroke=\"currentColor\" viewbox=\"0 0 24 24\" width=\"20\" height=\"20\">\n                        <line x1=\"8\" y1=\"6\" x2=\"21\" y2=\"6\"\/><line x1=\"8\" y1=\"12\" x2=\"21\" y2=\"12\"\/>\n                        <line x1=\"8\" y1=\"18\" x2=\"21\" y2=\"18\"\/><line x1=\"3\" y1=\"6\" x2=\"3.01\" y2=\"6\"\/>\n                        <line x1=\"3\" y1=\"12\" x2=\"3.01\" y2=\"12\"\/><line x1=\"3\" y1=\"18\" x2=\"3.01\" y2=\"18\"\/>\n                    <\/svg>\n                    Liste\n                <\/button>\n            <\/div>\n            \n                        <div class=\"smg-press-articles smg-columns-2\">\n                                            <article class=\"smg-press-article-card\">\n            \n                        <div class=\"article-image\">\n                <img decoding=\"async\" src=\"https:\/\/rco.sawatzkimuehlenbruch-preview.de\/wp-content\/uploads\/2025\/12\/reecarre-logo.png\" alt=\"Neue Weinbar \u201eSalon\u201c er\u00f6ffnet im Offenburger R\u00e9e Carr\u00e9 \">\n                                <div class=\"pdf-badge\">\n                    <svg fill=\"none\" stroke=\"currentColor\" viewbox=\"0 0 24 24\" width=\"20\" height=\"20\">\n                        <path d=\"M14 2H6a2 2 0 0 0-2 2v16a2 2 0 0 0 2 2h12a2 2 0 0 0 2-2V8z\"\/>\n                        <polyline points=\"14,2 14,8 20,8\"\/><line x1=\"16\" y1=\"13\" x2=\"8\" y2=\"13\"\/>\n                        <line x1=\"16\" y1=\"17\" x2=\"8\" y2=\"17\"\/><polyline points=\"10,9 9,9 8,9\"\/>\n                    <\/svg>\n                    <span>PDF<\/span>\n                <\/div>\n                            <\/div>\n            \n            <div class=\"article-content\">\n                <div class=\"article-meta\">\n                                        <time class=\"article-date\" datetime=\"11. November 2024\">\n                        11. novembre 2024                    <\/time>\n                    \n                                        <span class=\"article-source\">\n                                                    OFB Projektentwicklung GmbH (d\u00e9veloppement de projets)                                            <\/span>\n                                    <\/div>\n\n                <h3 class=\"article-title\">Neue Weinbar \u201eSalon\u201c er\u00f6ffnet im Offenburger R\u00e9e Carr\u00e9 <\/h3>\n\n                                <p class=\"article-excerpt\">Die OFB Projektentwicklung hat eine Ladenfl\u00e4che im R\u00e9e Carr\u00e9 an die\nK\u00e4lble-Gaiser Betriebs UG vermietet und erweitert so das gastronomische\nAngebot im Offenburger Stadtquartier. Auf insgesamt 130 m\u00b2 Mietfl\u00e4che\nwerden ab Ende November im \u201eSalon\u201c klassische Weine, Spirituosen und\nFeinkost serviert.<\/p>\n                \n                                <a href=\"https:\/\/rco.sawatzkimuehlenbruch-preview.de\/wp-content\/uploads\/2025\/12\/241111_Ree-Carre_Weinbar_als_neuer_Mieter.pdf\"\n                   class=\"smg-btn smg-btn-ghost smg-btn-sm article-read-more\"\n                   target=\"_blank\" rel=\"noopener\"                   download>\n                    PDF herunterladen                    <svg fill=\"none\" stroke=\"currentColor\" viewbox=\"0 0 24 24\" width=\"16\" height=\"16\">\n                        <line x1=\"5\" y1=\"12\" x2=\"19\" y2=\"12\"\/><polyline points=\"12,5 19,12 12,19\"\/>\n                    <\/svg>\n                <\/a>\n                            <\/div>\n        <\/article>\n                                    <\/div>\n            \n        <\/div>\n        \n        \t\t\t\t<\/div>\n\t\t\t\t<\/div>\n\t\t\t\t\t<\/div>\n\t\t\t\t<\/div>\n\t\t\t\t<\/div>","protected":false},"excerpt":{"rendered":"<p>Presse Aktuelle Presseberichte \u00fcber unser Center Grid Liste PDF 11. November 2024 OFB Projektentwicklung GmbH Neue Weinbar \u201eSalon\u201c er\u00f6ffnet im Offenburger R\u00e9e Carr\u00e9 Die OFB Projektentwicklung hat eine Ladenfl\u00e4che im R\u00e9e Carr\u00e9 an die K\u00e4lble-Gaiser Betriebs UG vermietet und erweitert so das gastronomische Angebot im Offenburger Stadtquartier. Auf insgesamt 130 m\u00b2 Mietfl\u00e4che werden ab Ende [&hellip;]<\/p>","protected":false},"author":1,"featured_media":0,"parent":0,"menu_order":0,"comment_status":"closed","ping_status":"closed","template":"","meta":{"_acf_changed":false,"footnotes":""},"class_list":["post-2883","page","type-page","status-publish","hentry"],"acf":[],"_links":{"self":[{"href":"https:\/\/rco.sawatzkimuehlenbruch-preview.de\/fr\/wp-json\/wp\/v2\/pages\/2883","targetHints":{"allow":["GET"]}}],"collection":[{"href":"https:\/\/rco.sawatzkimuehlenbruch-preview.de\/fr\/wp-json\/wp\/v2\/pages"}],"about":[{"href":"https:\/\/rco.sawatzkimuehlenbruch-preview.de\/fr\/wp-json\/wp\/v2\/types\/page"}],"author":[{"embeddable":true,"href":"https:\/\/rco.sawatzkimuehlenbruch-preview.de\/fr\/wp-json\/wp\/v2\/users\/1"}],"replies":[{"embeddable":true,"href":"https:\/\/rco.sawatzkimuehlenbruch-preview.de\/fr\/wp-json\/wp\/v2\/comments?post=2883"}],"version-history":[{"count":19,"href":"https:\/\/rco.sawatzkimuehlenbruch-preview.de\/fr\/wp-json\/wp\/v2\/pages\/2883\/revisions"}],"predecessor-version":[{"id":3817,"href":"https:\/\/rco.sawatzkimuehlenbruch-preview.de\/fr\/wp-json\/wp\/v2\/pages\/2883\/revisions\/3817"}],"wp:attachment":[{"href":"https:\/\/rco.sawatzkimuehlenbruch-preview.de\/fr\/wp-json\/wp\/v2\/media?parent=2883"}],"curies":[{"name":"wp","href":"https:\/\/api.w.org\/{rel}","templated":true}]}}