{"id":1992,"date":"2025-06-26T15:23:44","date_gmt":"2025-06-26T13:23:44","guid":{"rendered":"https:\/\/rco.sawatzkimuehlenbruch-preview.de\/?page_id=1992"},"modified":"2025-11-15T22:49:40","modified_gmt":"2025-11-15T21:49:40","slug":"kontakt-und-anfahrt","status":"publish","type":"page","link":"https:\/\/rco.sawatzkimuehlenbruch-preview.de\/fr\/kontakt-und-anfahrt\/","title":{"rendered":"Contact &amp; acc\u00e8s"},"content":{"rendered":"<div data-elementor-type=\"wp-page\" data-elementor-id=\"1992\" class=\"elementor elementor-1992\" data-elementor-post-type=\"page\">\n\t\t\t\t<div class=\"elementor-element elementor-element-7f52f67 e-con-full e-flex e-con e-parent\" data-id=\"7f52f67\" data-element_type=\"container\">\n\t\t\t\t<div class=\"elementor-element elementor-element-2e41218 elementor-widget elementor-widget-smg-directions\" data-id=\"2e41218\" data-element_type=\"widget\" data-widget_type=\"smg-directions.default\">\n\t\t\t\t<div class=\"elementor-widget-container\">\n\t\t\t\t\t\n            <div class=\"smg-directions-widget smg-directions- suma-widget-bg-default suma-animation-normal\">\n    \n                                <div class=\"smg-directions-header\">\n                    <h2 class=\"smg-directions-title\">Contact &amp; acc\u00e8s<\/h2>\n                <\/div>\n                    \n                <!-- Contact Section -->\n                \n                <div class=\"smg-directions-content\">\n\n                    <!-- Contact Form -->\n                    \n                    <!-- Map Section -->\n                                        <div class=\"smg-directions-map-section\">\n                        <div class=\"smg-directions-map\">\n                            <iframe src=\"https:\/\/www.google.com\/maps\/embed?pb=!1m18!1m12!1m3!1d2496.7793011373724!2d7.1429670134879455!3d51.25997277164052!2m3!1f0!2f0!3f0!3m2!1i1024!2i768!4f13.1!3m3!1m2!1s0x47b8d7b21c9c4bc9%3A0x6f8715243fde01d6!2sRathaus%20Galerie%20Wuppertal!5e0!3m2!1sde!2sde!4v1762950554147!5m2!1sde!2sde\" width=\"600\" height=\"450\" style=\"border:0;\" allowfullscreen=\"\" loading=\"lazy\" referrerpolicy=\"no-referrer-when-downgrade\"><\/iframe>                        <\/div>\n                    <\/div>\n                        \n                    <!-- Transport Sections -->\n                    <div class=\"smg-directions-transport-sections\">\n    \n                            \n                            \n                    <\/div>\n    \n                    <!-- Live Departures Section -->\n                                        <div class=\"smg-directions-live-departures\">\n                        <div class=\"smg-live-header\">\n                            <div class=\"smg-live-title-wrapper\">\n                                <span class=\"status-indicator live\"><\/span>\n                                <h3>Live-Abfahrtszeiten<\/h3>\n                            <\/div>\n                        <\/div>\n    \n                        <div class=\"smg-departure-stations\">\n                                                    <\/div>\n                    <\/div>\n                        \n                    <!-- Download Section -->\n                        \n                <\/div>\n            <\/div>\n    \n            \t\t\t\t<\/div>\n\t\t\t\t<\/div>\n\t\t\t\t<\/div>\n\t\t\t\t<\/div>","protected":false},"excerpt":{"rendered":"<p>Kontakt &amp; Anfahrt Unser Centermanagement Center Manager Herr Uwe Matthias Rathaus Galerie Wuppertal Centermanagement Klotzbahn 5, 42105 Wuppertal Kontakt +49 (0) 2 02 \/ 31 72 16 24 kontakt@rathaus-galerie-wuppertal.de Kontakt Mieter Alle Mieterkontakte finden Sie hier. Mit dem Auto Adresse: Klotzbahn 5, 42105 Wuppertal Parkpl\u00e4tze: Parkpl\u00e4tze verf\u00fcgbar \u00d6ffnungszeiten Parkhaus: Mo-Sa 06:00-21:00 Uhr \u00d6ffentliche Verkehrsmittel U-Bahn: [&hellip;]<\/p>","protected":false},"author":1,"featured_media":0,"parent":0,"menu_order":0,"comment_status":"closed","ping_status":"closed","template":"","meta":{"_acf_changed":false,"footnotes":""},"class_list":["post-1992","page","type-page","status-publish","hentry"],"acf":[],"_links":{"self":[{"href":"https:\/\/rco.sawatzkimuehlenbruch-preview.de\/fr\/wp-json\/wp\/v2\/pages\/1992","targetHints":{"allow":["GET"]}}],"collection":[{"href":"https:\/\/rco.sawatzkimuehlenbruch-preview.de\/fr\/wp-json\/wp\/v2\/pages"}],"about":[{"href":"https:\/\/rco.sawatzkimuehlenbruch-preview.de\/fr\/wp-json\/wp\/v2\/types\/page"}],"author":[{"embeddable":true,"href":"https:\/\/rco.sawatzkimuehlenbruch-preview.de\/fr\/wp-json\/wp\/v2\/users\/1"}],"replies":[{"embeddable":true,"href":"https:\/\/rco.sawatzkimuehlenbruch-preview.de\/fr\/wp-json\/wp\/v2\/comments?post=1992"}],"version-history":[{"count":139,"href":"https:\/\/rco.sawatzkimuehlenbruch-preview.de\/fr\/wp-json\/wp\/v2\/pages\/1992\/revisions"}],"predecessor-version":[{"id":3092,"href":"https:\/\/rco.sawatzkimuehlenbruch-preview.de\/fr\/wp-json\/wp\/v2\/pages\/1992\/revisions\/3092"}],"wp:attachment":[{"href":"https:\/\/rco.sawatzkimuehlenbruch-preview.de\/fr\/wp-json\/wp\/v2\/media?parent=1992"}],"curies":[{"name":"wp","href":"https:\/\/api.w.org\/{rel}","templated":true}]}}