{"id":1710,"date":"2025-06-06T22:08:09","date_gmt":"2025-06-06T20:08:09","guid":{"rendered":"https:\/\/rco.sawatzkimuehlenbruch-preview.de\/?page_id=1710"},"modified":"2025-12-17T13:20:06","modified_gmt":"2025-12-17T12:20:06","slug":"unsere-services","status":"publish","type":"page","link":"https:\/\/rco.sawatzkimuehlenbruch-preview.de\/fr\/unsere-services\/","title":{"rendered":"Services"},"content":{"rendered":"<div data-elementor-type=\"wp-page\" data-elementor-id=\"1710\" class=\"elementor elementor-1710\" data-elementor-post-type=\"page\">\n\t\t\t\t<div class=\"elementor-element elementor-element-2e83d52 e-con-full e-flex e-con e-parent\" data-id=\"2e83d52\" data-element_type=\"container\">\n\t\t\t\t<div class=\"elementor-element elementor-element-5b4d132 elementor-widget elementor-widget-smg-hero-new\" data-id=\"5b4d132\" data-element_type=\"widget\" data-widget_type=\"smg-hero-new.default\">\n\t\t\t\t<div class=\"elementor-widget-container\">\n\t\t\t\t\t            <section class=\"smg-hero-new suma-widget-bg-default suma-animation-normal\"\n                     data-default-slide-duration=\"5000\">\n                        <div class=\"smg-widget-container hero-container\">\n            \n                        \n            <div class=\"hero-content-grid\">\n                <div class=\"hero-text-section\">\n                                            <div class=\"hero-slide-content active\"\n                             data-slide=\"0\"\n                             >\n                                                <div class=\"hero-subtitle\">Von A \u2013 Z entspannt <\/div>\n        \n                    <h1 class=\"hero-title\">Relax &amp; enjoy:<br> <span class=\"highlight\">Services, die deinen Tag besser machen<\/span><\/h1>\n        \n                    <p class=\"hero-description\">Das R\u00e9e Carr\u00e9 Offenbach ist barrierefrei gestaltet und \u00fcber ebenerdige Zug\u00e4nge erreichbar. Innerhalb des Centers stehen Aufz\u00fcge und Rolltreppen zur Verf\u00fcgung, die eine Verbindung zwischen allen Ebenen erm\u00f6glichen. Besucherinnen und Besucher, die mit dem Auto anreisen, nutzen die Parkm\u00f6glichkeiten im angeschlossenen Parkhaus, von dem aus ein direkter Zugang zum Center besteht. Die Wegef\u00fchrung ist klar aufgebaut, sodass sich alle Bereiche des R\u00e9e Carr\u00e9 \u00fcbersichtlich und funktional erschlie\u00dfen lassen.<\/p>\n                \n                    <div class=\"hero-buttons\">\n                                    <a href=\"#stores\"\n                       class=\"smg-btn smg-btn-primary hero-btn\"\n                       >\n                        Alle Highlights                         <svg class=\"btn-arrow\" width=\"16\" height=\"16\" viewbox=\"0 0 24 24\" fill=\"none\" stroke=\"currentColor\">\n                            <path d=\"M7 17L17 7\"\/>\n                            <path d=\"M7 7H17V17\"\/>\n                        <\/svg>\n                    <\/a>\n                \n                            <\/div>\n                                        <\/div>\n                                    <\/div>\n                \n                <div class=\"hero-image-section\">\n                                                                    <div class=\"hero-slide-image active\"\n                             data-slide=\"0\"\n                             style=\"background-image: url('https:\/\/rco.sawatzkimuehlenbruch-preview.de\/wp-content\/uploads\/2025\/11\/ivana-cajina-dnL6ZIpht2s-unsplash-scaled.jpg');\">\n                            <div class=\"hero-highlight-overlay\"><\/div>                        <\/div>\n                                    <\/div>\n            <\/div>\n        <\/div>\n                    <\/section>\n            \t\t\t\t<\/div>\n\t\t\t\t<\/div>\n\t\t\t\t<\/div>\n\t\t<div class=\"elementor-element elementor-element-4504c66 e-con-full e-flex e-con e-parent\" data-id=\"4504c66\" data-element_type=\"container\">\n\t\t\t\t<div class=\"elementor-element elementor-element-098d117 elementor-widget elementor-widget-smg-services\" data-id=\"098d117\" data-element_type=\"widget\" data-widget_type=\"smg-services.default\">\n\t\t\t\t<div class=\"elementor-widget-container\">\n\t\t\t\t\t        <div class=\"smg-widget smg-widget-base smg-services-widget smg-services-grid smg-animate-fade-up smg-hover-lift smg-hide-buttons suma-widget-bg-default suma-animation-normal\">\n\n            \n            \n                            <div class=\"smg-services-grid smg-columns-\" >\n                                                    <div class=\"smg-service-card smg-card-base hover-lift-md\"\n             data-category=\"parken-mobilitaet\"\n             >\n\n                            <div class=\"smg-service-image\">\n                    <img fetchpriority=\"high\" decoding=\"async\" width=\"300\" height=\"182\" src=\"https:\/\/rco.sawatzkimuehlenbruch-preview.de\/wp-content\/uploads\/2025\/12\/ree-carre-offenburg-parkhaus-parken-tiefgarage-e-ladestation-e-autos-300x182.jpg\" class=\"service-img wp-post-image\" alt=\"\" srcset=\"https:\/\/rco.sawatzkimuehlenbruch-preview.de\/wp-content\/uploads\/2025\/12\/ree-carre-offenburg-parkhaus-parken-tiefgarage-e-ladestation-e-autos-300x182.jpg 300w, https:\/\/rco.sawatzkimuehlenbruch-preview.de\/wp-content\/uploads\/2025\/12\/ree-carre-offenburg-parkhaus-parken-tiefgarage-e-ladestation-e-autos-1024x623.jpg 1024w, https:\/\/rco.sawatzkimuehlenbruch-preview.de\/wp-content\/uploads\/2025\/12\/ree-carre-offenburg-parkhaus-parken-tiefgarage-e-ladestation-e-autos-768x467.jpg 768w, https:\/\/rco.sawatzkimuehlenbruch-preview.de\/wp-content\/uploads\/2025\/12\/ree-carre-offenburg-parkhaus-parken-tiefgarage-e-ladestation-e-autos.jpg 1340w\" sizes=\"(max-width: 300px) 100vw, 300px\" \/>\n                                    <\/div>\n            \n            <div class=\"smg-service-content\">\n\n                \n                <div class=\"smg-service-header\">\n                    \n                                            <h3 class=\"smg-service-title\">Stations de recharge \u00e9lectrique \u00e0 l'\u00e9co-courant<\/h3>\n                                    <\/div>\n\n                                    <div class=\"smg-service-description\">\n                        Stations de recharge \u00e9lectrique \u00e0 l'\u00e9co-courant                    <\/div>\n                \n                <div class=\"smg-service-meta\">\n\n                                            <div class=\"smg-service-availability suma-availability-24_7\">\n                            <svg fill=\"none\" stroke=\"currentColor\" viewbox=\"0 0 24 24\">\n                                <circle cx=\"12\" cy=\"12\" r=\"10\"\/>\n                                <polyline points=\"12,6 12,12 16,14\"\/>\n                            <\/svg>\n                            <span>T\u00e4glich verf\u00fcgbar<\/span>\n                        <\/div>\n                    \n                    \n                                                                        <div class=\"smg-service-cost smg-service-free\">\n                                <svg fill=\"none\" stroke=\"currentColor\" viewbox=\"0 0 24 24\">\n                                    <circle cx=\"12\" cy=\"12\" r=\"10\"\/>\n                                    <text x=\"12\" y=\"17\" text-anchor=\"middle\" font-size=\"14\" font-weight=\"bold\">\u20ac<\/text>\n                                <\/svg>\n                                <span>Kostenlos<\/span>\n                            <\/div>\n                                            \n                    \n                <\/div>\n\n                \n            <\/div>\n        <\/div>\n                                                            <div class=\"smg-service-card smg-card-base hover-lift-md\"\n             data-category=\"parken-mobilitaet\"\n             >\n\n            \n            <div class=\"smg-service-content\">\n\n                \n                <div class=\"smg-service-header\">\n                                            <div class=\"smg-service-icon\">\n                            <img decoding=\"async\" src=\"https:\/\/rco.sawatzkimuehlenbruch-preview.de\/wp-content\/uploads\/2025\/12\/cycle.svg\" alt=\"Garage \u00e0 v\u00e9los\" class=\"smg-service-icon-img\">                        <\/div>\n                    \n                                            <h3 class=\"smg-service-title\">Garage \u00e0 v\u00e9los<\/h3>\n                                    <\/div>\n\n                                    <div class=\"smg-service-description\">\n                        Garage \u00e0 v\u00e9los                    <\/div>\n                \n                <div class=\"smg-service-meta\">\n\n                                            <div class=\"smg-service-availability suma-availability-24_7\">\n                            <svg fill=\"none\" stroke=\"currentColor\" viewbox=\"0 0 24 24\">\n                                <circle cx=\"12\" cy=\"12\" r=\"10\"\/>\n                                <polyline points=\"12,6 12,12 16,14\"\/>\n                            <\/svg>\n                            <span>T\u00e4glich verf\u00fcgbar<\/span>\n                        <\/div>\n                    \n                    \n                                                                        <div class=\"smg-service-cost smg-service-free\">\n                                <svg fill=\"none\" stroke=\"currentColor\" viewbox=\"0 0 24 24\">\n                                    <circle cx=\"12\" cy=\"12\" r=\"10\"\/>\n                                    <text x=\"12\" y=\"17\" text-anchor=\"middle\" font-size=\"14\" font-weight=\"bold\">\u20ac<\/text>\n                                <\/svg>\n                                <span>Kostenlos<\/span>\n                            <\/div>\n                                            \n                    \n                <\/div>\n\n                \n            <\/div>\n        <\/div>\n                                                            <div class=\"smg-service-card smg-card-base hover-lift-md\"\n             data-category=\"parken-mobilitaet\"\n             >\n\n                            <div class=\"smg-service-image\">\n                    <img decoding=\"async\" width=\"300\" height=\"182\" src=\"https:\/\/rco.sawatzkimuehlenbruch-preview.de\/wp-content\/uploads\/2025\/12\/ree-carre-offenburg-parkhaus-parken-tiefgarage-automat-einfahrt-300x182.jpg\" class=\"service-img wp-post-image\" alt=\"\" srcset=\"https:\/\/rco.sawatzkimuehlenbruch-preview.de\/wp-content\/uploads\/2025\/12\/ree-carre-offenburg-parkhaus-parken-tiefgarage-automat-einfahrt-300x182.jpg 300w, https:\/\/rco.sawatzkimuehlenbruch-preview.de\/wp-content\/uploads\/2025\/12\/ree-carre-offenburg-parkhaus-parken-tiefgarage-automat-einfahrt-1024x623.jpg 1024w, https:\/\/rco.sawatzkimuehlenbruch-preview.de\/wp-content\/uploads\/2025\/12\/ree-carre-offenburg-parkhaus-parken-tiefgarage-automat-einfahrt-768x467.jpg 768w, https:\/\/rco.sawatzkimuehlenbruch-preview.de\/wp-content\/uploads\/2025\/12\/ree-carre-offenburg-parkhaus-parken-tiefgarage-automat-einfahrt.jpg 1340w\" sizes=\"(max-width: 300px) 100vw, 300px\" \/>\n                                    <\/div>\n            \n            <div class=\"smg-service-content\">\n\n                \n                <div class=\"smg-service-header\">\n                    \n                                            <h3 class=\"smg-service-title\">Entrer avec un ticket, sortir sans ticket<\/h3>\n                                    <\/div>\n\n                                    <div class=\"smg-service-description\">\n                        Entrer avec un ticket, sortir sans ticket                    <\/div>\n                \n                <div class=\"smg-service-meta\">\n\n                                            <div class=\"smg-service-availability suma-availability-24_7\">\n                            <svg fill=\"none\" stroke=\"currentColor\" viewbox=\"0 0 24 24\">\n                                <circle cx=\"12\" cy=\"12\" r=\"10\"\/>\n                                <polyline points=\"12,6 12,12 16,14\"\/>\n                            <\/svg>\n                            <span>T\u00e4glich verf\u00fcgbar<\/span>\n                        <\/div>\n                    \n                    \n                                                                        <div class=\"smg-service-cost smg-service-free\">\n                                <svg fill=\"none\" stroke=\"currentColor\" viewbox=\"0 0 24 24\">\n                                    <circle cx=\"12\" cy=\"12\" r=\"10\"\/>\n                                    <text x=\"12\" y=\"17\" text-anchor=\"middle\" font-size=\"14\" font-weight=\"bold\">\u20ac<\/text>\n                                <\/svg>\n                                <span>Kostenlos<\/span>\n                            <\/div>\n                                            \n                    \n                <\/div>\n\n                \n            <\/div>\n        <\/div>\n                                                            <div class=\"smg-service-card smg-card-base hover-lift-md\"\n             data-category=\"parken-mobilitaet\"\n             >\n\n                            <div class=\"smg-service-image\">\n                    <img decoding=\"async\" width=\"300\" height=\"182\" src=\"https:\/\/rco.sawatzkimuehlenbruch-preview.de\/wp-content\/uploads\/2025\/12\/ree-carre-offenburg-parkhaus-parken-tiefgarage-ticketlos-ticket-parken-app-300x182.jpg\" class=\"service-img wp-post-image\" alt=\"\" srcset=\"https:\/\/rco.sawatzkimuehlenbruch-preview.de\/wp-content\/uploads\/2025\/12\/ree-carre-offenburg-parkhaus-parken-tiefgarage-ticketlos-ticket-parken-app-300x182.jpg 300w, https:\/\/rco.sawatzkimuehlenbruch-preview.de\/wp-content\/uploads\/2025\/12\/ree-carre-offenburg-parkhaus-parken-tiefgarage-ticketlos-ticket-parken-app-1024x623.jpg 1024w, https:\/\/rco.sawatzkimuehlenbruch-preview.de\/wp-content\/uploads\/2025\/12\/ree-carre-offenburg-parkhaus-parken-tiefgarage-ticketlos-ticket-parken-app-768x467.jpg 768w, https:\/\/rco.sawatzkimuehlenbruch-preview.de\/wp-content\/uploads\/2025\/12\/ree-carre-offenburg-parkhaus-parken-tiefgarage-ticketlos-ticket-parken-app.jpg 1340w\" sizes=\"(max-width: 300px) 100vw, 300px\" \/>\n                                    <\/div>\n            \n            <div class=\"smg-service-content\">\n\n                \n                <div class=\"smg-service-header\">\n                    \n                                            <h3 class=\"smg-service-title\">Payer par application mobile<\/h3>\n                                    <\/div>\n\n                                    <div class=\"smg-service-description\">\n                        Payer par application mobile                    <\/div>\n                \n                <div class=\"smg-service-meta\">\n\n                                            <div class=\"smg-service-availability suma-availability-24_7\">\n                            <svg fill=\"none\" stroke=\"currentColor\" viewbox=\"0 0 24 24\">\n                                <circle cx=\"12\" cy=\"12\" r=\"10\"\/>\n                                <polyline points=\"12,6 12,12 16,14\"\/>\n                            <\/svg>\n                            <span>T\u00e4glich verf\u00fcgbar<\/span>\n                        <\/div>\n                    \n                    \n                                                                        <div class=\"smg-service-cost smg-service-free\">\n                                <svg fill=\"none\" stroke=\"currentColor\" viewbox=\"0 0 24 24\">\n                                    <circle cx=\"12\" cy=\"12\" r=\"10\"\/>\n                                    <text x=\"12\" y=\"17\" text-anchor=\"middle\" font-size=\"14\" font-weight=\"bold\">\u20ac<\/text>\n                                <\/svg>\n                                <span>Kostenlos<\/span>\n                            <\/div>\n                                            \n                    \n                <\/div>\n\n                \n            <\/div>\n        <\/div>\n                                                            <div class=\"smg-service-card smg-card-base hover-lift-md\"\n             data-category=\"parken-mobilitaet\"\n             >\n\n            \n            <div class=\"smg-service-content\">\n\n                \n                <div class=\"smg-service-header\">\n                                            <div class=\"smg-service-icon\">\n                            <img decoding=\"async\" src=\"https:\/\/rco.sawatzkimuehlenbruch-preview.de\/wp-content\/uploads\/2025\/06\/b-und-b-parkhaus-tiefgarage-logo-ree-carre-offenburg.png\" alt=\"Parc de stationnement Ree Carre\" class=\"smg-service-icon-img\">                        <\/div>\n                    \n                                            <h3 class=\"smg-service-title\">Parc de stationnement Ree Carre<\/h3>\n                                    <\/div>\n\n                                    <div class=\"smg-service-description\">\n                        Parc de stationnement Ree Carre                    <\/div>\n                \n                <div class=\"smg-service-meta\">\n\n                                            <div class=\"smg-service-availability suma-availability-24_7\">\n                            <svg fill=\"none\" stroke=\"currentColor\" viewbox=\"0 0 24 24\">\n                                <circle cx=\"12\" cy=\"12\" r=\"10\"\/>\n                                <polyline points=\"12,6 12,12 16,14\"\/>\n                            <\/svg>\n                            <span>T\u00e4glich verf\u00fcgbar<\/span>\n                        <\/div>\n                    \n                    \n                                                                        <div class=\"smg-service-cost\">\n                                <svg fill=\"none\" stroke=\"currentColor\" viewbox=\"0 0 24 24\">\n                                    <circle cx=\"12\" cy=\"12\" r=\"10\"\/>\n                                    <text x=\"12\" y=\"17\" text-anchor=\"middle\" font-size=\"14\" font-weight=\"bold\">\u20ac<\/text>\n                                <\/svg>\n                                <span>1,00\u202f\u20ac\/\u00bd\u202fStd., Tagesmax. 14,00\u202f\u20ac, Nachttarif 1,00\u202f\u20ac\/Std., Nachtmax. 5,00\u202f\u20ac. Dauerparkertarife: Mo.\u2013Fr. 102,00\u202f\u20ac, Mo.\u2013So. 125,00\u202f\u20ac<\/span>\n                            <\/div>\n                                            \n                                            <div class=\"smg-service-contact\">\n                            <svg fill=\"none\" stroke=\"currentColor\" viewbox=\"0 0 24 24\">\n                                <path d=\"M22 16.92v3a2 2 0 0 1-2.18 2 19.79 19.79 0 0 1-8.63-3.07 19.5 19.5 0 0 1-6-6 19.79 19.79 0 0 1-3.07-8.67A2 2 0 0 1 4.11 2h3a2 2 0 0 1 2 1.72 12.84 12.84 0 0 0 .7 2.81 2 2 0 0 1-.45 2.11L8.09 9.91a16 16 0 0 0 6 6l1.27-1.27a2 2 0 0 1 2.11-.45 12.84 12.84 0 0 0 2.81.7A2 2 0 0 1 22 16.92z\"\/>\n                            <\/svg>\n                            <span>+4921049536719<\/span>\n                        <\/div>\n                    \n                <\/div>\n\n                \n            <\/div>\n        <\/div>\n                                                            <div class=\"smg-service-card smg-card-base hover-lift-md\"\n             data-category=\"parken-mobilitaet\"\n             >\n\n                            <div class=\"smg-service-image\">\n                    <img loading=\"lazy\" decoding=\"async\" width=\"300\" height=\"182\" src=\"https:\/\/rco.sawatzkimuehlenbruch-preview.de\/wp-content\/uploads\/2025\/12\/ree-carre-offenburg-parkhaus-parken-tiefgarage-ausfahrt-schranke-300x182.jpg\" class=\"service-img wp-post-image\" alt=\"\" srcset=\"https:\/\/rco.sawatzkimuehlenbruch-preview.de\/wp-content\/uploads\/2025\/12\/ree-carre-offenburg-parkhaus-parken-tiefgarage-ausfahrt-schranke-300x182.jpg 300w, https:\/\/rco.sawatzkimuehlenbruch-preview.de\/wp-content\/uploads\/2025\/12\/ree-carre-offenburg-parkhaus-parken-tiefgarage-ausfahrt-schranke-1024x623.jpg 1024w, https:\/\/rco.sawatzkimuehlenbruch-preview.de\/wp-content\/uploads\/2025\/12\/ree-carre-offenburg-parkhaus-parken-tiefgarage-ausfahrt-schranke-768x467.jpg 768w, https:\/\/rco.sawatzkimuehlenbruch-preview.de\/wp-content\/uploads\/2025\/12\/ree-carre-offenburg-parkhaus-parken-tiefgarage-ausfahrt-schranke.jpg 1340w\" sizes=\"(max-width: 300px) 100vw, 300px\" \/>\n                                    <\/div>\n            \n            <div class=\"smg-service-content\">\n\n                \n                <div class=\"smg-service-header\">\n                    \n                                            <h3 class=\"smg-service-title\">Stationnement permanent sans ticket ou stationnement \u00e0 fr\u00e9quence \u00e9lev\u00e9e<\/h3>\n                                    <\/div>\n\n                                    <div class=\"smg-service-description\">\n                        Stationnement permanent sans ticket ou stationnement \u00e0 fr\u00e9quence \u00e9lev\u00e9e                    <\/div>\n                \n                <div class=\"smg-service-meta\">\n\n                                            <div class=\"smg-service-availability suma-availability-opening_hours\">\n                            <svg fill=\"none\" stroke=\"currentColor\" viewbox=\"0 0 24 24\">\n                                <circle cx=\"12\" cy=\"12\" r=\"10\"\/>\n                                <polyline points=\"12,6 12,12 16,14\"\/>\n                            <\/svg>\n                            <span>Mo-Sa: 09:00-20:00<\/span>\n                        <\/div>\n                    \n                    \n                                                                        <div class=\"smg-service-cost smg-service-free\">\n                                <svg fill=\"none\" stroke=\"currentColor\" viewbox=\"0 0 24 24\">\n                                    <circle cx=\"12\" cy=\"12\" r=\"10\"\/>\n                                    <text x=\"12\" y=\"17\" text-anchor=\"middle\" font-size=\"14\" font-weight=\"bold\">\u20ac<\/text>\n                                <\/svg>\n                                <span>Kostenlos<\/span>\n                            <\/div>\n                                            \n                    \n                <\/div>\n\n                \n            <\/div>\n        <\/div>\n                                            <\/div>\n            \n        <\/div>\n        \t\t\t\t<\/div>\n\t\t\t\t<\/div>\n\t\t\t\t<\/div>\n\t\t\t\t<\/div>","protected":false},"excerpt":{"rendered":"<p>Von A \u2013 Z entspannt Relax &amp; enjoy: Services, die deinen Tag besser machen Das R\u00e9e Carr\u00e9 Offenbach ist barrierefrei gestaltet und \u00fcber ebenerdige Zug\u00e4nge erreichbar. Innerhalb des Centers stehen Aufz\u00fcge und Rolltreppen zur Verf\u00fcgung, die eine Verbindung zwischen allen Ebenen erm\u00f6glichen. Besucherinnen und Besucher, die mit dem Auto anreisen, nutzen die Parkm\u00f6glichkeiten im angeschlossenen [&hellip;]<\/p>","protected":false},"author":1,"featured_media":0,"parent":0,"menu_order":0,"comment_status":"closed","ping_status":"closed","template":"","meta":{"_acf_changed":false,"footnotes":""},"class_list":["post-1710","page","type-page","status-publish","hentry"],"acf":[],"_links":{"self":[{"href":"https:\/\/rco.sawatzkimuehlenbruch-preview.de\/fr\/wp-json\/wp\/v2\/pages\/1710","targetHints":{"allow":["GET"]}}],"collection":[{"href":"https:\/\/rco.sawatzkimuehlenbruch-preview.de\/fr\/wp-json\/wp\/v2\/pages"}],"about":[{"href":"https:\/\/rco.sawatzkimuehlenbruch-preview.de\/fr\/wp-json\/wp\/v2\/types\/page"}],"author":[{"embeddable":true,"href":"https:\/\/rco.sawatzkimuehlenbruch-preview.de\/fr\/wp-json\/wp\/v2\/users\/1"}],"replies":[{"embeddable":true,"href":"https:\/\/rco.sawatzkimuehlenbruch-preview.de\/fr\/wp-json\/wp\/v2\/comments?post=1710"}],"version-history":[{"count":58,"href":"https:\/\/rco.sawatzkimuehlenbruch-preview.de\/fr\/wp-json\/wp\/v2\/pages\/1710\/revisions"}],"predecessor-version":[{"id":3861,"href":"https:\/\/rco.sawatzkimuehlenbruch-preview.de\/fr\/wp-json\/wp\/v2\/pages\/1710\/revisions\/3861"}],"wp:attachment":[{"href":"https:\/\/rco.sawatzkimuehlenbruch-preview.de\/fr\/wp-json\/wp\/v2\/media?parent=1710"}],"curies":[{"name":"wp","href":"https:\/\/api.w.org\/{rel}","templated":true}]}}